{"id":1140,"date":"2021-10-01T13:13:26","date_gmt":"2021-10-01T13:13:26","guid":{"rendered":"https:\/\/sushimeshi.es\/personalizar-cookies"},"modified":"2021-10-01T13:13:26","modified_gmt":"2021-10-01T13:13:26","slug":"personalizar-cookies","status":"publish","type":"page","link":"https:\/\/sushimeshi.es\/en\/personalizar-cookies","title":{"rendered":"Personalizar Cookies"},"content":{"rendered":"<div>\n      <div id=\"custom-cookies-eu-label\">\n\n        Utilizamos cookies en nuestro sitio web para brindarle la experiencia m\u00e1s relevante al recordar sus preferencias y repetir visitas. Haciendo clic en \u201cAceptar Todas\u201d, usted consiente el uso de TODAS las cookies. Sin embargo, puede visitar \\\"Configuraci\u00f3n de cookies\\\" para proporcionar un consentimiento controlado.\n          &nbsp;&nbsp;\n          <a target=\"_blank\" id=\"cookies-eu-more\" rel=\"nofollow\" href=\"https:\/\/sushimeshi.es\/en\/politica-de-cookies\">Configurar y m\u00e1s informaci\u00f3n<\/a>\n      <\/div>\n\n      <div id=\"custom-cookies-eu-buttons\" class=\"cookies-eu-buttons\">\n        <button id=\"custom-cookies-eu-reject\" class=\"cookies-eu-reject\">Rechazar<\/button>\n        <button id=\"custom-cookies-eu-accept\" class=\"cookies-eu-accept\">ACEPTAR TODAS LAS COOKIES<\/button><\/div>\n      <\/div>\n\n<br\/>\n<p>\n\tPuedes cambiar tus preferencias de cookies en cualquier momento si vuelves a la p\u00e1gina de Personalizar cookies, a la que puedes acceder a trav\u00e9s del Aviso de cookies. Para obtener m\u00e1s informaci\u00f3n sobre las cookies y c\u00f3mo las usamos, consulta la p\u00e1gina de <a href=\"https:\/\/sushimeshi.es\/en\/politica-de-cookies\">Pol\u00edtica de Cookies<\/a>.\n<\/p>\n\n<h3>Cookies t\u00e9cnicas<\/h3>\n<p>\n\tSon aquellas que permiten a los usuarios registrados navegar a trav\u00e9s del sitio Web, del \u00e1rea restringida y a utilizar sus diferentes funciones, como por ejemplo, el sistema de comentarios o el buscador y no pueden ser desactivadas.\n<\/p>","protected":false},"excerpt":{"rendered":"<p>Utilizamos cookies en nuestro sitio web para brindarle la experiencia m\u00e1s relevante al recordar sus preferencias y repetir visitas. Haciendo clic en \u201cAceptar Todas\u201d, usted consiente el uso de TODAS las cookies. Sin embargo, puede visitar \\\u00bbConfiguraci\u00f3n de cookies\\\u00bb para proporcionar un consentimiento controlado. &nbsp;&nbsp; Configurar y m\u00e1s informaci\u00f3n Rechazar ACEPTAR TODAS LAS COOKIES Puedes [&hellip;]<\/p>\n","protected":false},"author":1,"featured_media":0,"parent":0,"menu_order":0,"comment_status":"closed","ping_status":"closed","template":"","meta":{"site-sidebar-layout":"default","site-content-layout":"","ast-site-content-layout":"default","site-content-style":"default","site-sidebar-style":"default","ast-global-header-display":"","ast-banner-title-visibility":"","ast-main-header-display":"","ast-hfb-above-header-display":"","ast-hfb-below-header-display":"","ast-hfb-mobile-header-display":"","site-post-title":"","ast-breadcrumbs-content":"","ast-featured-img":"","footer-sml-layout":"","ast-disable-related-posts":"","theme-transparent-header-meta":"","adv-header-id-meta":"","stick-header-meta":"","header-above-stick-meta":"","header-main-stick-meta":"","header-below-stick-meta":"","astra-migrate-meta-layouts":"default","ast-page-background-enabled":"default","ast-page-background-meta":{"desktop":{"background-color":"","background-image":"","background-repeat":"repeat","background-position":"center center","background-size":"auto","background-attachment":"scroll","background-type":"","background-media":"","overlay-type":"","overlay-color":"","overlay-opacity":"","overlay-gradient":""},"tablet":{"background-color":"","background-image":"","background-repeat":"repeat","background-position":"center center","background-size":"auto","background-attachment":"scroll","background-type":"","background-media":"","overlay-type":"","overlay-color":"","overlay-opacity":"","overlay-gradient":""},"mobile":{"background-color":"","background-image":"","background-repeat":"repeat","background-position":"center center","background-size":"auto","background-attachment":"scroll","background-type":"","background-media":"","overlay-type":"","overlay-color":"","overlay-opacity":"","overlay-gradient":""}},"ast-content-background-meta":{"desktop":{"background-color":"var(--ast-global-color-5)","background-image":"","background-repeat":"repeat","background-position":"center center","background-size":"auto","background-attachment":"scroll","background-type":"","background-media":"","overlay-type":"","overlay-color":"","overlay-opacity":"","overlay-gradient":""},"tablet":{"background-color":"var(--ast-global-color-5)","background-image":"","background-repeat":"repeat","background-position":"center center","background-size":"auto","background-attachment":"scroll","background-type":"","background-media":"","overlay-type":"","overlay-color":"","overlay-opacity":"","overlay-gradient":""},"mobile":{"background-color":"var(--ast-global-color-5)","background-image":"","background-repeat":"repeat","background-position":"center center","background-size":"auto","background-attachment":"scroll","background-type":"","background-media":"","overlay-type":"","overlay-color":"","overlay-opacity":"","overlay-gradient":""}},"_joinchat":[],"footnotes":""},"class_list":["post-1140","page","type-page","status-publish","hentry"],"_links":{"self":[{"href":"https:\/\/sushimeshi.es\/en\/wp-json\/wp\/v2\/pages\/1140","targetHints":{"allow":["GET"]}}],"collection":[{"href":"https:\/\/sushimeshi.es\/en\/wp-json\/wp\/v2\/pages"}],"about":[{"href":"https:\/\/sushimeshi.es\/en\/wp-json\/wp\/v2\/types\/page"}],"author":[{"embeddable":true,"href":"https:\/\/sushimeshi.es\/en\/wp-json\/wp\/v2\/users\/1"}],"replies":[{"embeddable":true,"href":"https:\/\/sushimeshi.es\/en\/wp-json\/wp\/v2\/comments?post=1140"}],"version-history":[{"count":0,"href":"https:\/\/sushimeshi.es\/en\/wp-json\/wp\/v2\/pages\/1140\/revisions"}],"wp:attachment":[{"href":"https:\/\/sushimeshi.es\/en\/wp-json\/wp\/v2\/media?parent=1140"}],"curies":[{"name":"wp","href":"https:\/\/api.w.org\/{rel}","templated":true}]}}